{"id":360,"date":"2022-02-01T14:19:47","date_gmt":"2022-02-01T14:19:47","guid":{"rendered":"https:\/\/crowdpartnerswordpress.fundingcore.eu\/tarieven\/"},"modified":"2022-06-05T19:32:15","modified_gmt":"2022-06-05T19:32:15","slug":"tarieven","status":"publish","type":"page","link":"https:\/\/www.crowdpartners.nl\/de\/tarieven\/","title":{"rendered":"Preise"},"content":{"rendered":"\t\t<div data-elementor-type=\"wp-page\" data-elementor-id=\"360\" class=\"elementor elementor-360 elementor-101\" data-elementor-post-type=\"page\">\n\t\t\t\t\t\t<section class=\"elementor-section elementor-top-section elementor-element elementor-element-a28152f elementor-section-boxed elementor-section-height-default elementor-section-height-default\" data-id=\"a28152f\" data-element_type=\"section\">\n\t\t\t\t\t\t<div class=\"elementor-container elementor-column-gap-default\">\n\t\t\t\t\t<div class=\"elementor-column elementor-col-100 elementor-top-column elementor-element elementor-element-1bb13c9\" data-id=\"1bb13c9\" data-element_type=\"column\">\n\t\t\t<div class=\"elementor-widget-wrap elementor-element-populated\">\n\t\t\t\t\t\t<div class=\"elementor-element elementor-element-01768f7 elementor-widget elementor-widget-image\" data-id=\"01768f7\" data-element_type=\"widget\" data-widget_type=\"image.default\">\n\t\t\t\t<div class=\"elementor-widget-container\">\n\t\t\t\t\t\t\t\t\t\t\t\t\t\t\t<img fetchpriority=\"high\" decoding=\"async\" width=\"1000\" height=\"268\" src=\"https:\/\/www.crowdpartners.nl\/wp-content\/uploads\/2022\/02\/beeld-crowdpartners.png\" class=\"attachment-large size-large wp-image-61\" alt=\"\" srcset=\"https:\/\/www.crowdpartners.nl\/wp-content\/uploads\/2022\/02\/beeld-crowdpartners.png 1000w, https:\/\/www.crowdpartners.nl\/wp-content\/uploads\/2022\/02\/beeld-crowdpartners-768x206.png 768w\" sizes=\"(max-width: 1000px) 100vw, 1000px\" \/>\t\t\t\t\t\t\t\t\t\t\t\t\t\t\t<\/div>\n\t\t\t\t<\/div>\n\t\t\t\t\t<\/div>\n\t\t<\/div>\n\t\t\t\t\t<\/div>\n\t\t<\/section>\n\t\t\t\t<section class=\"elementor-section elementor-top-section elementor-element elementor-element-c55ab3f elementor-section-boxed elementor-section-height-default elementor-section-height-default\" data-id=\"c55ab3f\" data-element_type=\"section\">\n\t\t\t\t\t\t<div class=\"elementor-container elementor-column-gap-default\">\n\t\t\t\t\t<div class=\"elementor-column elementor-col-100 elementor-top-column elementor-element elementor-element-22e3826\" data-id=\"22e3826\" data-element_type=\"column\">\n\t\t\t<div class=\"elementor-widget-wrap elementor-element-populated\">\n\t\t\t\t\t\t<div class=\"elementor-element elementor-element-8cac004 elementor-widget elementor-widget-text-editor\" data-id=\"8cac004\" data-element_type=\"widget\" data-widget_type=\"text-editor.default\">\n\t\t\t\t<div class=\"elementor-widget-container\">\n\t\t\t\t\t\t\t\t\t<h1>Preise<\/h1><h2>\u00a0<\/h2><h2>Welches sind die Kosten eines Crowdpartners-Kontos?<\/h2><p>\u00a0<\/p><p>\u00dcber das Konto erhalten Sie kostenlos Zugang zu allen auf der Website angezeigten Projektpartnern, die M\u00f6glichkeit, sich f\u00fcr eine Finanzierung anzumelden, eine Echtzeit-\u00dcbersicht Ihres Kontos und der Investitionen sowie eine j\u00e4hrliche Finanz\u00fcbersicht f\u00fcr Ihre Verwaltung.<\/p><p>\u00a0<\/p><p>Kosten\u00fcbersicht Investorenkonto:<\/p>\t\t\t\t\t\t\t\t<\/div>\n\t\t\t\t<\/div>\n\t\t\t\t\t<\/div>\n\t\t<\/div>\n\t\t\t\t\t<\/div>\n\t\t<\/section>\n\t\t\t\t<section class=\"elementor-section elementor-top-section elementor-element elementor-element-4ccd58c elementor-section-boxed elementor-section-height-default elementor-section-height-default\" data-id=\"4ccd58c\" data-element_type=\"section\">\n\t\t\t\t\t\t<div class=\"elementor-container elementor-column-gap-default\">\n\t\t\t\t\t<div class=\"elementor-column elementor-col-33 elementor-top-column elementor-element elementor-element-a4c118c\" data-id=\"a4c118c\" data-element_type=\"column\">\n\t\t\t<div class=\"elementor-widget-wrap elementor-element-populated\">\n\t\t\t\t\t\t<div class=\"elementor-element elementor-element-3145144 elementor-widget elementor-widget-text-editor\" data-id=\"3145144\" data-element_type=\"widget\" data-widget_type=\"text-editor.default\">\n\t\t\t\t<div class=\"elementor-widget-container\">\n\t\t\t\t\t\t\t\t\t<p><span style=\"font-size: 10.5pt; line-height: 16.1px; font-family: Arial, sans-serif;\">Verwaltungskosten f\u00fcr das Konto*\u00a0<\/span><\/p><p>\u00a0<\/p><p>\u00a0<\/p><p>\u00a0<\/p><p>\u00a0<\/p><p>Zinsen auf den Saldo auf dem Konto <br \/>Ein- und ausgehende Buchungen <\/p><p>Jahres\u00fcbersicht f\u00fcr die Steuer<\/p>\t\t\t\t\t\t\t\t<\/div>\n\t\t\t\t<\/div>\n\t\t\t\t\t<\/div>\n\t\t<\/div>\n\t\t\t\t<div class=\"elementor-column elementor-col-66 elementor-top-column elementor-element elementor-element-9aeac0e\" data-id=\"9aeac0e\" data-element_type=\"column\">\n\t\t\t<div class=\"elementor-widget-wrap elementor-element-populated\">\n\t\t\t\t\t\t<div class=\"elementor-element elementor-element-5361355 elementor-widget elementor-widget-text-editor\" data-id=\"5361355\" data-element_type=\"widget\" data-widget_type=\"text-editor.default\">\n\t\t\t\t<div class=\"elementor-widget-container\">\n\t\t\t\t\t\t\t\t\t<p>Investierter Gesamtbetrag \u2264 \u20ac50.000,00<br \/>1,0 % p.a. auf den tats\u00e4chlich investierten Betrag.<br \/> Mindestgeb\u00fchr derzeit  \u20ac 0,00.<\/p><p>Investierter Gesamtbetrag &gt; \u20ac50.000,00<br \/>0,9 % auf den tats\u00e4chlich investierten Betrag.<\/p><p>\u00a0<\/p><p>0,0%<br \/>\u20ac0,00<br \/>\u20ac0,00<\/p>\t\t\t\t\t\t\t\t<\/div>\n\t\t\t\t<\/div>\n\t\t\t\t\t<\/div>\n\t\t<\/div>\n\t\t\t\t\t<\/div>\n\t\t<\/section>\n\t\t\t\t<section class=\"elementor-section elementor-top-section elementor-element elementor-element-a1d1057 elementor-section-boxed elementor-section-height-default elementor-section-height-default\" data-id=\"a1d1057\" data-element_type=\"section\">\n\t\t\t\t\t\t<div class=\"elementor-container elementor-column-gap-default\">\n\t\t\t\t\t<div class=\"elementor-column elementor-col-100 elementor-top-column elementor-element elementor-element-5193f6b\" data-id=\"5193f6b\" data-element_type=\"column\">\n\t\t\t<div class=\"elementor-widget-wrap elementor-element-populated\">\n\t\t\t\t\t\t<div class=\"elementor-element elementor-element-4d16dd7 elementor-widget elementor-widget-text-editor\" data-id=\"4d16dd7\" data-element_type=\"widget\" data-widget_type=\"text-editor.default\">\n\t\t\t\t<div class=\"elementor-widget-container\">\n\t\t\t\t\t\t\t\t\t<p>*Die Kosten f\u00fcr das Konto werden monatlich eingezogen und berechnet auf der Grundlage 1,0 % \/ 12 bzw. 0,9 % \/ 12 auf den tats\u00e4chlich investierten Betrag zum Monatsende des vorhergehenden Monats.<\/p><p>\u00a0<\/p><h2>Welches sind die Kosten eines Crowdpartners-KMU-Kredites?<\/h2><p>\u00a0<\/p><p>\u00dcbersicht KMU-Kredit**:<\/p>\t\t\t\t\t\t\t\t<\/div>\n\t\t\t\t<\/div>\n\t\t\t\t<section class=\"elementor-section elementor-inner-section elementor-element elementor-element-e509a86 elementor-section-boxed elementor-section-height-default elementor-section-height-default\" data-id=\"e509a86\" data-element_type=\"section\">\n\t\t\t\t\t\t<div class=\"elementor-container elementor-column-gap-default\">\n\t\t\t\t\t<div class=\"elementor-column elementor-col-50 elementor-inner-column elementor-element elementor-element-b1c8308\" data-id=\"b1c8308\" data-element_type=\"column\">\n\t\t\t<div class=\"elementor-widget-wrap elementor-element-populated\">\n\t\t\t\t\t\t<div class=\"elementor-element elementor-element-7d79fdb elementor-widget elementor-widget-text-editor\" data-id=\"7d79fdb\" data-element_type=\"widget\" data-widget_type=\"text-editor.default\">\n\t\t\t\t<div class=\"elementor-widget-container\">\n\t\t\t\t\t\t\t\t\t<p>Platzierung Projekt auf der Website<\/p><p>Erfolgshonorar<\/p><p>Verwaltungsgeb\u00fchr Kredit <\/p><p>Zinsen\u00a0<\/p>\t\t\t\t\t\t\t\t<\/div>\n\t\t\t\t<\/div>\n\t\t\t\t\t<\/div>\n\t\t<\/div>\n\t\t\t\t<div class=\"elementor-column elementor-col-50 elementor-inner-column elementor-element elementor-element-710dc04\" data-id=\"710dc04\" data-element_type=\"column\">\n\t\t\t<div class=\"elementor-widget-wrap elementor-element-populated\">\n\t\t\t\t\t\t<div class=\"elementor-element elementor-element-6006246 elementor-widget elementor-widget-text-editor\" data-id=\"6006246\" data-element_type=\"widget\" data-widget_type=\"text-editor.default\">\n\t\t\t\t<div class=\"elementor-widget-container\">\n\t\t\t\t\t\t\t\t\t<p>\u20ac 300,00<\/p><p>1,5% auf die Hauptsumme des Kredits<\/p><p>0,5% j\u00e4hrlich auf den in Anspruch genommenen Kreditbetrag w\u00e4hrend der Darlehenslaufzeit<\/p><p>[2,0% &#8211; 9,0%] abh\u00e4ngig von der Risikoklassifizierung und der Laufzeit<\/p>\t\t\t\t\t\t\t\t<\/div>\n\t\t\t\t<\/div>\n\t\t\t\t\t<\/div>\n\t\t<\/div>\n\t\t\t\t\t<\/div>\n\t\t<\/section>\n\t\t\t\t\t<\/div>\n\t\t<\/div>\n\t\t\t\t\t<\/div>\n\t\t<\/section>\n\t\t\t\t<section class=\"elementor-section elementor-top-section elementor-element elementor-element-034a78d elementor-section-boxed elementor-section-height-default elementor-section-height-default\" data-id=\"034a78d\" data-element_type=\"section\">\n\t\t\t\t\t\t<div class=\"elementor-container elementor-column-gap-default\">\n\t\t\t\t\t<div class=\"elementor-column elementor-col-100 elementor-top-column elementor-element elementor-element-8fcdfb0\" data-id=\"8fcdfb0\" data-element_type=\"column\">\n\t\t\t<div class=\"elementor-widget-wrap elementor-element-populated\">\n\t\t\t\t\t\t<div class=\"elementor-element elementor-element-723dbbf elementor-widget elementor-widget-text-editor\" data-id=\"723dbbf\" data-element_type=\"widget\" data-widget_type=\"text-editor.default\">\n\t\t\t\t<div class=\"elementor-widget-container\">\n\t\t\t\t\t\t\t\t\t<p>Die Partner von Crowdpartners stellen f\u00fcr ihre Dienstleistungen f\u00fcr ein Darlehen auch eine Platzierungs- und Erfolgsverg\u00fctung in Rechnung.<\/p>\t\t\t\t\t\t\t\t<\/div>\n\t\t\t\t<\/div>\n\t\t\t\t\t<\/div>\n\t\t<\/div>\n\t\t\t\t\t<\/div>\n\t\t<\/section>\n\t\t\t\t<section class=\"elementor-section elementor-top-section elementor-element elementor-element-131d8ff elementor-section-boxed elementor-section-height-default elementor-section-height-default\" data-id=\"131d8ff\" data-element_type=\"section\">\n\t\t\t\t\t\t<div class=\"elementor-container elementor-column-gap-default\">\n\t\t\t\t\t<div class=\"elementor-column elementor-col-100 elementor-top-column elementor-element elementor-element-33cfe61\" data-id=\"33cfe61\" data-element_type=\"column\">\n\t\t\t<div class=\"elementor-widget-wrap elementor-element-populated\">\n\t\t\t\t\t\t<div class=\"elementor-element elementor-element-c1d327c elementor-widget elementor-widget-text-editor\" data-id=\"c1d327c\" data-element_type=\"widget\" data-widget_type=\"text-editor.default\">\n\t\t\t\t<div class=\"elementor-widget-container\">\n\t\t\t\t\t\t\t\t\t<h2>Welches sind die Kosten eines Crowdleasings?<\/h2><p>\u00a0<\/p><p>\u00dcbersicht Crowdleasing**:<\/p>\t\t\t\t\t\t\t\t<\/div>\n\t\t\t\t<\/div>\n\t\t\t\t<section class=\"elementor-section elementor-inner-section elementor-element elementor-element-b084088 elementor-section-boxed elementor-section-height-default elementor-section-height-default\" data-id=\"b084088\" data-element_type=\"section\">\n\t\t\t\t\t\t<div class=\"elementor-container elementor-column-gap-default\">\n\t\t\t\t\t<div class=\"elementor-column elementor-col-50 elementor-inner-column elementor-element elementor-element-22e2a84\" data-id=\"22e2a84\" data-element_type=\"column\">\n\t\t\t<div class=\"elementor-widget-wrap elementor-element-populated\">\n\t\t\t\t\t\t<div class=\"elementor-element elementor-element-60ddd15 elementor-widget elementor-widget-text-editor\" data-id=\"60ddd15\" data-element_type=\"widget\" data-widget_type=\"text-editor.default\">\n\t\t\t\t<div class=\"elementor-widget-container\">\n\t\t\t\t\t\t\t\t\t<p>Platzierungsverg\u00fctung Projekt auf der Website\/p><p>Erfolgshonorar<\/p><p>Verwaltungsgeb\u00fchr Kredit<\/p><p>Zinsen<\/p>\t\t\t\t\t\t\t\t<\/div>\n\t\t\t\t<\/div>\n\t\t\t\t\t<\/div>\n\t\t<\/div>\n\t\t\t\t<div class=\"elementor-column elementor-col-50 elementor-inner-column elementor-element elementor-element-76b5cdc\" data-id=\"76b5cdc\" data-element_type=\"column\">\n\t\t\t<div class=\"elementor-widget-wrap elementor-element-populated\">\n\t\t\t\t\t\t<div class=\"elementor-element elementor-element-87fd6c1 elementor-widget elementor-widget-text-editor\" data-id=\"87fd6c1\" data-element_type=\"widget\" data-widget_type=\"text-editor.default\">\n\t\t\t\t<div class=\"elementor-widget-container\">\n\t\t\t\t\t\t\t\t\t<p>\u20ac 300,00<\/p><p>1,5% auf die Hauptsumme des Kredits<\/p><p>0,5% j\u00e4hrlich auf auf den in Anspruch genommenen Kreditbetrag w\u00e4hrend der Darlehenslaufzeit<\/p><p>[2,0% &#8211; 9,0%] abh\u00e4ngig von der Risikoklassifizierung, dem Objekt und der Laufzeit<\/p>\t\t\t\t\t\t\t\t<\/div>\n\t\t\t\t<\/div>\n\t\t\t\t\t<\/div>\n\t\t<\/div>\n\t\t\t\t\t<\/div>\n\t\t<\/section>\n\t\t\t\t\t<\/div>\n\t\t<\/div>\n\t\t\t\t\t<\/div>\n\t\t<\/section>\n\t\t\t\t<section class=\"elementor-section elementor-top-section elementor-element elementor-element-d4f3afd elementor-section-boxed elementor-section-height-default elementor-section-height-default\" data-id=\"d4f3afd\" data-element_type=\"section\">\n\t\t\t\t\t\t<div class=\"elementor-container elementor-column-gap-default\">\n\t\t\t\t\t<div class=\"elementor-column elementor-col-100 elementor-top-column elementor-element elementor-element-bab09c4\" data-id=\"bab09c4\" data-element_type=\"column\">\n\t\t\t<div class=\"elementor-widget-wrap elementor-element-populated\">\n\t\t\t\t\t\t<div class=\"elementor-element elementor-element-5a31046 elementor-widget elementor-widget-text-editor\" data-id=\"5a31046\" data-element_type=\"widget\" data-widget_type=\"text-editor.default\">\n\t\t\t\t<div class=\"elementor-widget-container\">\n\t\t\t\t\t\t\t\t\t<h2>Welches sind die Kosten eines Crowdpartners-Immobilienkredits?<\/h2><p>\u00dcbersicht Crowdbricks OG Kredit oder \u201eBuy-to-let\u201c-Darlehen f\u00fcr von Privatpersonen vermietete Immobilien**:<\/p>\t\t\t\t\t\t\t\t<\/div>\n\t\t\t\t<\/div>\n\t\t\t\t<section class=\"elementor-section elementor-inner-section elementor-element elementor-element-6acab60 elementor-section-boxed elementor-section-height-default elementor-section-height-default\" data-id=\"6acab60\" data-element_type=\"section\">\n\t\t\t\t\t\t<div class=\"elementor-container elementor-column-gap-default\">\n\t\t\t\t\t<div class=\"elementor-column elementor-col-50 elementor-inner-column elementor-element elementor-element-fd03dff\" data-id=\"fd03dff\" data-element_type=\"column\">\n\t\t\t<div class=\"elementor-widget-wrap elementor-element-populated\">\n\t\t\t\t\t\t<div class=\"elementor-element elementor-element-2454e0d elementor-widget elementor-widget-text-editor\" data-id=\"2454e0d\" data-element_type=\"widget\" data-widget_type=\"text-editor.default\">\n\t\t\t\t<div class=\"elementor-widget-container\">\n\t\t\t\t\t\t\t\t\t<p>Platzierungsverg\u00fctung Projekt auf der Website<\/p><p>Verwaltungsgeb\u00fchr Kredit<\/p><p>\u00a0<\/p><p>Zinsen<\/p>\t\t\t\t\t\t\t\t<\/div>\n\t\t\t\t<\/div>\n\t\t\t\t\t<\/div>\n\t\t<\/div>\n\t\t\t\t<div class=\"elementor-column elementor-col-50 elementor-inner-column elementor-element elementor-element-c6ab10a\" data-id=\"c6ab10a\" data-element_type=\"column\">\n\t\t\t<div class=\"elementor-widget-wrap elementor-element-populated\">\n\t\t\t\t\t\t<div class=\"elementor-element elementor-element-d695f2a elementor-widget elementor-widget-text-editor\" data-id=\"d695f2a\" data-element_type=\"widget\" data-widget_type=\"text-editor.default\">\n\t\t\t\t<div class=\"elementor-widget-container\">\n\t\t\t\t\t\t\t\t\t<p>\u20ac 995,00<\/p><p>0,5% &#8211; 1,0% j\u00e4hrlich auf den in Anspruch genommenen Kreditbetrag w\u00e4hrend der Darlehenslaufzeit und abh\u00e4ngig von der Hauptsumme und der Laufzeit.<\/p><p>[2,0% &#8211; 8,5%] abh\u00e4ngig von der Risikoklassifizierung und der Laufzeit<\/p>\t\t\t\t\t\t\t\t<\/div>\n\t\t\t\t<\/div>\n\t\t\t\t\t<\/div>\n\t\t<\/div>\n\t\t\t\t\t<\/div>\n\t\t<\/section>\n\t\t\t\t<div class=\"elementor-element elementor-element-ee582b2 elementor-widget elementor-widget-text-editor\" data-id=\"ee582b2\" data-element_type=\"widget\" data-widget_type=\"text-editor.default\">\n\t\t\t\t<div class=\"elementor-widget-container\">\n\t\t\t\t\t\t\t\t\t<p>Die von Crowdbricks ausgew\u00e4hlten Berater stellen f\u00fcr ihre Dienstleistungen ein einmaliges Erfolgshonorar von h\u00f6chstens 1,5 % auf die zu finanzierende Hauptsumme in Rechnung. <\/p><p>\u00a0<\/p><p>**Falls zutreffend, werden die oben genannten Verg\u00fctungen um die MwSt. erh\u00f6ht.<\/p>\t\t\t\t\t\t\t\t<\/div>\n\t\t\t\t<\/div>\n\t\t\t\t\t<\/div>\n\t\t<\/div>\n\t\t\t\t\t<\/div>\n\t\t<\/section>\n\t\t\t\t<\/div>\n\t\t","protected":false},"excerpt":{"rendered":"<p>Preise \u00a0 Welches sind die Kosten eines Crowdpartners-Kontos? \u00a0 \u00dcber das Konto erhalten Sie kostenlos Zugang zu allen auf der Website angezeigten Projektpartnern, die M\u00f6glichkeit, sich f\u00fcr eine Finanzierung anzumelden, eine Echtzeit-\u00dcbersicht Ihres Kontos und der Investitionen sowie eine j\u00e4hrliche Finanz\u00fcbersicht f\u00fcr Ihre Verwaltung. \u00a0 Kosten\u00fcbersicht Investorenkonto: Verwaltungskosten f\u00fcr das Konto*\u00a0 \u00a0 \u00a0 \u00a0 \u00a0 [&hellip;]<\/p>\n","protected":false},"author":1,"featured_media":0,"parent":0,"menu_order":8,"comment_status":"closed","ping_status":"closed","template":"","meta":{"footnotes":""},"class_list":["post-360","page","type-page","status-publish","hentry"],"_links":{"self":[{"href":"https:\/\/www.crowdpartners.nl\/de\/wp-json\/wp\/v2\/pages\/360","targetHints":{"allow":["GET"]}}],"collection":[{"href":"https:\/\/www.crowdpartners.nl\/de\/wp-json\/wp\/v2\/pages"}],"about":[{"href":"https:\/\/www.crowdpartners.nl\/de\/wp-json\/wp\/v2\/types\/page"}],"author":[{"embeddable":true,"href":"https:\/\/www.crowdpartners.nl\/de\/wp-json\/wp\/v2\/users\/1"}],"replies":[{"embeddable":true,"href":"https:\/\/www.crowdpartners.nl\/de\/wp-json\/wp\/v2\/comments?post=360"}],"version-history":[{"count":3,"href":"https:\/\/www.crowdpartners.nl\/de\/wp-json\/wp\/v2\/pages\/360\/revisions"}],"predecessor-version":[{"id":2944,"href":"https:\/\/www.crowdpartners.nl\/de\/wp-json\/wp\/v2\/pages\/360\/revisions\/2944"}],"wp:attachment":[{"href":"https:\/\/www.crowdpartners.nl\/de\/wp-json\/wp\/v2\/media?parent=360"}],"curies":[{"name":"wp","href":"https:\/\/api.w.org\/{rel}","templated":true}]}}