{"id":351,"date":"2022-02-01T14:19:03","date_gmt":"2022-02-01T14:19:03","guid":{"rendered":"https:\/\/crowdpartnerswordpress.fundingcore.eu\/investieren\/"},"modified":"2022-06-05T20:04:14","modified_gmt":"2022-06-05T20:04:14","slug":"investieren","status":"publish","type":"page","link":"https:\/\/www.crowdpartners.nl\/de\/investieren\/","title":{"rendered":"Investieren"},"content":{"rendered":"\t\t<div data-elementor-type=\"wp-page\" data-elementor-id=\"351\" class=\"elementor elementor-351 elementor-95\" data-elementor-post-type=\"page\">\n\t\t\t\t\t\t<section class=\"elementor-section elementor-top-section elementor-element elementor-element-bd9ef23 elementor-section-boxed elementor-section-height-default elementor-section-height-default\" data-id=\"bd9ef23\" data-element_type=\"section\">\n\t\t\t\t\t\t<div class=\"elementor-container elementor-column-gap-default\">\n\t\t\t\t\t<div class=\"elementor-column elementor-col-100 elementor-top-column elementor-element elementor-element-11ede5b\" data-id=\"11ede5b\" data-element_type=\"column\">\n\t\t\t<div class=\"elementor-widget-wrap elementor-element-populated\">\n\t\t\t\t\t\t<div class=\"elementor-element elementor-element-00fa522 elementor-widget elementor-widget-image\" data-id=\"00fa522\" data-element_type=\"widget\" data-widget_type=\"image.default\">\n\t\t\t\t<div class=\"elementor-widget-container\">\n\t\t\t\t\t\t\t\t\t\t\t\t\t\t\t<img fetchpriority=\"high\" decoding=\"async\" width=\"1000\" height=\"268\" src=\"https:\/\/www.crowdpartners.nl\/wp-content\/uploads\/2022\/02\/beeld-crowdpartners.png\" class=\"attachment-large size-large wp-image-61\" alt=\"\" srcset=\"https:\/\/www.crowdpartners.nl\/wp-content\/uploads\/2022\/02\/beeld-crowdpartners.png 1000w, https:\/\/www.crowdpartners.nl\/wp-content\/uploads\/2022\/02\/beeld-crowdpartners-768x206.png 768w\" sizes=\"(max-width: 1000px) 100vw, 1000px\" \/>\t\t\t\t\t\t\t\t\t\t\t\t\t\t\t<\/div>\n\t\t\t\t<\/div>\n\t\t\t\t<div class=\"elementor-element elementor-element-2770731 elementor-widget elementor-widget-text-editor\" data-id=\"2770731\" data-element_type=\"widget\" data-widget_type=\"text-editor.default\">\n\t\t\t\t<div class=\"elementor-widget-container\">\n\t\t\t\t\t\t\t\t\t<h2>Investieren in KMU<\/h2><p style=\"box-sizing: inherit;\">\r\nSie m\u00f6chten in ein kleines oder mittelgro\u00dfes Unternehmen (KMU) investieren? Crowdpartners bietet Ihnen die M\u00f6glichkeit, einen Teil Ihres Kapitals sicher, zuverl\u00e4ssig und transparent direkt in KMU-\r\nKredite zu investieren.<\/p><p style=\"box-sizing: inherit;\"><a href=\"https:\/\/www.crowdpartners.nl\/de\/investieren\/investieren-mkb\/projekte\/\">Sehen Sie sich unsere Projekte f\u00fcr KMU an<\/a><\/p><h2 style=\"box-sizing: inherit;\">Investieren in Immobilien<\/h2><p style=\"box-sizing: inherit;\">Sie m\u00f6chten in Immobilien investieren? Crowdpartners bietet Ihnen unter ihrer Sparte Crowdbricks die M\u00f6glichkeit, einen Teil Ihres Kapitals sicher, zuverl\u00e4ssig und transparent direkt in Immobilienkredite, meist mit Hypotheken besichert, zu investieren.<\/p><p style=\"box-sizing: inherit;\"><a href=\"https:\/\/www.crowdpartners.nl\/de\/investieren\/immobilien-investieren\/projekte\/\"><span style=\"box-sizing: inherit;\">Schauen Sie sich unsere Immobilienprojekte an.<\/span><\/a><\/p>\t\t\t\t\t\t\t\t<\/div>\n\t\t\t\t<\/div>\n\t\t\t\t\t<\/div>\n\t\t<\/div>\n\t\t\t\t\t<\/div>\n\t\t<\/section>\n\t\t\t\t<\/div>\n\t\t","protected":false},"excerpt":{"rendered":"<p>Investieren in KMU Sie m\u00f6chten in ein kleines oder mittelgro\u00dfes Unternehmen (KMU) investieren? Crowdpartners bietet Ihnen die M\u00f6glichkeit, einen Teil Ihres Kapitals sicher, zuverl\u00e4ssig und transparent direkt in KMU- Kredite zu investieren. Sehen Sie sich unsere Projekte f\u00fcr KMU an Investieren in Immobilien Sie m\u00f6chten in Immobilien investieren? Crowdpartners bietet Ihnen unter ihrer Sparte Crowdbricks [&hellip;]<\/p>\n","protected":false},"author":1,"featured_media":0,"parent":0,"menu_order":64,"comment_status":"closed","ping_status":"closed","template":"","meta":{"footnotes":""},"class_list":["post-351","page","type-page","status-publish","hentry"],"_links":{"self":[{"href":"https:\/\/www.crowdpartners.nl\/de\/wp-json\/wp\/v2\/pages\/351","targetHints":{"allow":["GET"]}}],"collection":[{"href":"https:\/\/www.crowdpartners.nl\/de\/wp-json\/wp\/v2\/pages"}],"about":[{"href":"https:\/\/www.crowdpartners.nl\/de\/wp-json\/wp\/v2\/types\/page"}],"author":[{"embeddable":true,"href":"https:\/\/www.crowdpartners.nl\/de\/wp-json\/wp\/v2\/users\/1"}],"replies":[{"embeddable":true,"href":"https:\/\/www.crowdpartners.nl\/de\/wp-json\/wp\/v2\/comments?post=351"}],"version-history":[{"count":3,"href":"https:\/\/www.crowdpartners.nl\/de\/wp-json\/wp\/v2\/pages\/351\/revisions"}],"predecessor-version":[{"id":2951,"href":"https:\/\/www.crowdpartners.nl\/de\/wp-json\/wp\/v2\/pages\/351\/revisions\/2951"}],"wp:attachment":[{"href":"https:\/\/www.crowdpartners.nl\/de\/wp-json\/wp\/v2\/media?parent=351"}],"curies":[{"name":"wp","href":"https:\/\/api.w.org\/{rel}","templated":true}]}}