{"id":2978,"date":"2022-02-01T14:30:16","date_gmt":"2022-02-01T14:30:16","guid":{"rendered":"https:\/\/www.crowdpartners.nl\/investieren\/immobilien-investieren\/investieren-in-immobilienkredite\/"},"modified":"2022-06-13T12:47:22","modified_gmt":"2022-06-13T12:47:22","slug":"investieren-in-immobilienkredite","status":"publish","type":"page","link":"https:\/\/www.crowdpartners.nl\/de\/investieren\/immobilien-investieren\/investieren-in-immobilienkredite\/","title":{"rendered":"Investieren in Immobilienkredite?"},"content":{"rendered":"\t\t<div data-elementor-type=\"wp-page\" data-elementor-id=\"2978\" class=\"elementor elementor-2978 elementor-130\" data-elementor-post-type=\"page\">\n\t\t\t\t\t\t<section class=\"elementor-section elementor-top-section elementor-element elementor-element-72a8514 elementor-section-boxed elementor-section-height-default elementor-section-height-default\" data-id=\"72a8514\" data-element_type=\"section\">\n\t\t\t\t\t\t<div class=\"elementor-container elementor-column-gap-default\">\n\t\t\t\t\t<div class=\"elementor-column elementor-col-100 elementor-top-column elementor-element elementor-element-fca9ec6\" data-id=\"fca9ec6\" data-element_type=\"column\">\n\t\t\t<div class=\"elementor-widget-wrap elementor-element-populated\">\n\t\t\t\t\t\t<div class=\"elementor-element elementor-element-70f0f1a elementor-widget elementor-widget-image\" data-id=\"70f0f1a\" data-element_type=\"widget\" data-widget_type=\"image.default\">\n\t\t\t\t<div class=\"elementor-widget-container\">\n\t\t\t\t\t\t\t\t\t\t\t\t\t\t\t<img fetchpriority=\"high\" decoding=\"async\" width=\"1000\" height=\"268\" src=\"https:\/\/www.crowdpartners.nl\/wp-content\/uploads\/2022\/02\/beeld-crowdpartners.png\" class=\"attachment-large size-large wp-image-61\" alt=\"\" srcset=\"https:\/\/www.crowdpartners.nl\/wp-content\/uploads\/2022\/02\/beeld-crowdpartners.png 1000w, https:\/\/www.crowdpartners.nl\/wp-content\/uploads\/2022\/02\/beeld-crowdpartners-768x206.png 768w\" sizes=\"(max-width: 1000px) 100vw, 1000px\" \/>\t\t\t\t\t\t\t\t\t\t\t\t\t\t\t<\/div>\n\t\t\t\t<\/div>\n\t\t\t\t<div class=\"elementor-element elementor-element-4f51278 elementor-widget elementor-widget-text-editor\" data-id=\"4f51278\" data-element_type=\"widget\" data-widget_type=\"text-editor.default\">\n\t\t\t\t<div class=\"elementor-widget-container\">\n\t\t\t\t\t\t\t\t\t<h3>Wie geht das \u2013 Investieren in Immobilienkredite?<\/h3><p>\u00a0<\/p><p>\r\nSie m\u00f6chten in Immobilien investieren? Crowdpartners bietet Ihnen unter ihrer Sparte Crowdbricks die M\u00f6glichkeit, auf sichere, zuverl\u00e4ssige und transparente Weise direkt in Immobilienkredite, meist mit Hypotheken besichert, zu investieren. Dabei handelt es sich in der Regel um gemietete oder geleaste Objekte oder Immobilien zur Eigennutzung eines KMU. Sie k\u00f6nnen Ihr eigenes Kreditportfolio aufbauen und so Ihr Risiko streuen und eine attraktive Rendite auf Ihr Kapital erzielen.\r\n<\/p><p>Um zu investieren, m\u00fcssen Sie ein Konto er\u00f6ffnen. Die Er\u00f6ffnung eines Kontos bei Crowdpartners ist einfach und kann online in nur drei Schritten durchgef\u00fchrt werden. Klicken Sie auf die Schaltfl\u00e4che \u201eKonto er\u00f6ffnen\u201c. Anschlie\u00dfend erhalten Sie eine Willkommens-E-Mail und k\u00f6nnen Ihr Konto sofort zum Investieren verwenden. Nach Pr\u00fcfung Ihrer Unterlagen wird das Konto freigeschaltet.<\/p><p>In unserer sicheren Internetumgebung treffen Sie Ihre eigene Auswahl aus dem Angebot aller Projekte. Unter dem Men\u00fcpunkt \u201eMein Crowdpartners\u201c finden Sie Ihre Anlagen, die Dokumentation der Kredite und Ihre Kontobewegungen \u00fcbersichtlich und sind jederzeit auf dem neuesten Stand.\/p><p>Das Geld, das Sie in ein Projekt investieren m\u00f6chten, wird auf dem Treuhandkonto der Stiftung \u201eStichting Crowdpartners Trust\u201c hinterlegt; auf diese Weise wird sichergestellt, dass die Gelder von den Investoren zu den Projekten flie\u00dfen und anschlie\u00dfend die Zins- und Tilgungszahlungen der Kreditnehmer an die Investoren von denen der Crowdpartners B.V. getrennt werden.  <\/p><p>Crowdpartners und unsere niederl\u00e4ndische Finanzmarktaufsichtsbeh\u00f6rde AFM halten es f\u00fcr wichtig, dass Investoren eine wohl\u00fcberlegte Entscheidung f\u00fcr eine Investition in ein Crowdfunding-Projekt treffen. Deshalb bitten wir die Verbraucher, bei ihrer ersten Investition einen kurzen Test zu durchlaufen. Darauf basierend erh\u00e4lt man eine unverbindliche Empfehlung. <\/p><p>Die Mindestinvestition pro Projekt betr\u00e4gt 250 \u20ac. Die Kontoer\u00f6ffnung ist kostenlos.<\/p>\t\t\t\t\t\t\t\t<\/div>\n\t\t\t\t<\/div>\n\t\t\t\t\t<\/div>\n\t\t<\/div>\n\t\t\t\t\t<\/div>\n\t\t<\/section>\n\t\t\t\t<\/div>\n\t\t","protected":false},"excerpt":{"rendered":"<p>Wie geht das \u2013 Investieren in Immobilienkredite? \u00a0 Sie m\u00f6chten in Immobilien investieren? Crowdpartners bietet Ihnen unter ihrer Sparte Crowdbricks die M\u00f6glichkeit, auf sichere, zuverl\u00e4ssige und transparente Weise direkt in Immobilienkredite, meist mit Hypotheken besichert, zu investieren. Dabei handelt es sich in der Regel um gemietete oder geleaste Objekte oder Immobilien zur Eigennutzung eines KMU. [&hellip;]<\/p>\n","protected":false},"author":1,"featured_media":0,"parent":362,"menu_order":81,"comment_status":"closed","ping_status":"closed","template":"","meta":{"footnotes":""},"class_list":["post-2978","page","type-page","status-publish","hentry"],"_links":{"self":[{"href":"https:\/\/www.crowdpartners.nl\/de\/wp-json\/wp\/v2\/pages\/2978","targetHints":{"allow":["GET"]}}],"collection":[{"href":"https:\/\/www.crowdpartners.nl\/de\/wp-json\/wp\/v2\/pages"}],"about":[{"href":"https:\/\/www.crowdpartners.nl\/de\/wp-json\/wp\/v2\/types\/page"}],"author":[{"embeddable":true,"href":"https:\/\/www.crowdpartners.nl\/de\/wp-json\/wp\/v2\/users\/1"}],"replies":[{"embeddable":true,"href":"https:\/\/www.crowdpartners.nl\/de\/wp-json\/wp\/v2\/comments?post=2978"}],"version-history":[{"count":2,"href":"https:\/\/www.crowdpartners.nl\/de\/wp-json\/wp\/v2\/pages\/2978\/revisions"}],"predecessor-version":[{"id":3131,"href":"https:\/\/www.crowdpartners.nl\/de\/wp-json\/wp\/v2\/pages\/2978\/revisions\/3131"}],"up":[{"embeddable":true,"href":"https:\/\/www.crowdpartners.nl\/de\/wp-json\/wp\/v2\/pages\/362"}],"wp:attachment":[{"href":"https:\/\/www.crowdpartners.nl\/de\/wp-json\/wp\/v2\/media?parent=2978"}],"curies":[{"name":"wp","href":"https:\/\/api.w.org\/{rel}","templated":true}]}}