{"id":2967,"date":"2022-02-01T14:31:01","date_gmt":"2022-02-01T14:31:01","guid":{"rendered":"https:\/\/www.crowdpartners.nl\/kmu-darlehen\/wie-funktioniert-das\/"},"modified":"2022-06-13T12:42:59","modified_gmt":"2022-06-13T12:42:59","slug":"wie-funktioniert-das","status":"publish","type":"page","link":"https:\/\/www.crowdpartners.nl\/de\/finanzieren\/kmu-darlehen\/wie-funktioniert-das\/","title":{"rendered":"Wie funktioniert das?"},"content":{"rendered":"\t\t<div data-elementor-type=\"wp-page\" data-elementor-id=\"2967\" class=\"elementor elementor-2967 elementor-134\" data-elementor-post-type=\"page\">\n\t\t\t\t\t\t<section class=\"elementor-section elementor-top-section elementor-element elementor-element-f37c87e elementor-section-boxed elementor-section-height-default elementor-section-height-default\" data-id=\"f37c87e\" data-element_type=\"section\">\n\t\t\t\t\t\t<div class=\"elementor-container elementor-column-gap-default\">\n\t\t\t\t\t<div class=\"elementor-column elementor-col-100 elementor-top-column elementor-element elementor-element-e70efa7\" data-id=\"e70efa7\" data-element_type=\"column\">\n\t\t\t<div class=\"elementor-widget-wrap elementor-element-populated\">\n\t\t\t\t\t\t<div class=\"elementor-element elementor-element-ecd41f8 elementor-widget elementor-widget-image\" data-id=\"ecd41f8\" data-element_type=\"widget\" data-widget_type=\"image.default\">\n\t\t\t\t<div class=\"elementor-widget-container\">\n\t\t\t\t\t\t\t\t\t\t\t\t\t\t\t<img fetchpriority=\"high\" decoding=\"async\" width=\"1000\" height=\"268\" src=\"https:\/\/www.crowdpartners.nl\/wp-content\/uploads\/2022\/02\/beeld-crowdpartners.png\" class=\"attachment-large size-large wp-image-61\" alt=\"\" srcset=\"https:\/\/www.crowdpartners.nl\/wp-content\/uploads\/2022\/02\/beeld-crowdpartners.png 1000w, https:\/\/www.crowdpartners.nl\/wp-content\/uploads\/2022\/02\/beeld-crowdpartners-768x206.png 768w\" sizes=\"(max-width: 1000px) 100vw, 1000px\" \/>\t\t\t\t\t\t\t\t\t\t\t\t\t\t\t<\/div>\n\t\t\t\t<\/div>\n\t\t\t\t<div class=\"elementor-element elementor-element-82409b2 elementor-widget elementor-widget-text-editor\" data-id=\"82409b2\" data-element_type=\"widget\" data-widget_type=\"text-editor.default\">\n\t\t\t\t<div class=\"elementor-widget-container\">\n\t\t\t\t\t\t\t\t\t<h2>Darlehen beantragen<\/h2><p>\u00a0<\/p><p>Einfacher Zugang zu Kapital. Crowdpartners hat Kontoinhaber, die gerne in Darlehen an Ihr Unternehmen und\/oder f\u00fcr Immobilienprojekte investieren.<br \/>Crowdpartners erh\u00e4lt Ihre Finanzierungsanfrage \u00fcber einen seiner Partner oder direkt \u00fcber das Antragsformular auf der Website. Der vollst\u00e4ndige Antrag wird von Crowdpartners bewertet, und es wird eine Risikoklassifizierung vorgenommen. Nach Annahme des Crowdpartners-Termsheets wird die Kreditdokumentation erstellt.<br \/>Nach Unterzeichnung des Kreditvertrags wird die Finanzierung mit dem Projektinformationsmemorandum auf der Website dargestellt. Bevor die Kontoinhaber online investieren, k\u00f6nnen sie sich den Kreditvertrag ansehen. <\/p><p>Die Stiftung \u201eStichting Crowdpartners Leningmanager\u201c verwaltet und koordiniert den Kredit im Auftrag der Investoren, damit alles effizient l\u00e4uft und eventuelle Sicherheiten von der Stiftung \u201eStichting Crowdpartners Zekerhedenagent\u201c verwaltet werden k\u00f6nnen. Die Geldfl\u00fcsse laufen \u00fcber die Treuhandstiftung \u201eStichting Crowdpartners Trust\u201c. W\u00e4hrend der Laufzeit des Darlehens zieht Crowdpartners die monatliche Rate an Zinsen und Tilgung bei Ihnen ein und k\u00fcmmert sich um die Gutschrift auf dem Konto der Investoren, die genau wie Sie alles in ihrer \u201eMy Crowdpartners\u201c-Umgebung verfolgen k\u00f6nnen.\r\n\r\nSie haben die M\u00f6glichkeit, Ihr Darlehen gem\u00e4\u00df den Darlehensbedingungen fr\u00fcher zur\u00fcckzuzahlen und erhalten jedes Jahr eine \u00dcbersicht \u00fcber Ihr Darlehen und die gezahlten Zinsen und Tilgungen.\r\n<\/p><p>Crowdfunding verschafft Ihnen Botschafter, Kunden und \u00d6ffentlichkeit und ist damit gut f\u00fcr Ihr Unternehmen.\r\n\r\nCrowdpartners ist professionell und zuverl\u00e4ssig, hat registrierte Investoren und steht unter der Aufsicht der niederl\u00e4ndischen Finanzaufsichtsbeh\u00f6rde AFM.  <\/p>\t\t\t\t\t\t\t\t<\/div>\n\t\t\t\t<\/div>\n\t\t\t\t\t<\/div>\n\t\t<\/div>\n\t\t\t\t\t<\/div>\n\t\t<\/section>\n\t\t\t\t<\/div>\n\t\t","protected":false},"excerpt":{"rendered":"<p>Darlehen beantragen \u00a0 Einfacher Zugang zu Kapital. Crowdpartners hat Kontoinhaber, die gerne in Darlehen an Ihr Unternehmen und\/oder f\u00fcr Immobilienprojekte investieren.Crowdpartners erh\u00e4lt Ihre Finanzierungsanfrage \u00fcber einen seiner Partner oder direkt \u00fcber das Antragsformular auf der Website. Der vollst\u00e4ndige Antrag wird von Crowdpartners bewertet, und es wird eine Risikoklassifizierung vorgenommen. Nach Annahme des Crowdpartners-Termsheets wird die [&hellip;]<\/p>\n","protected":false},"author":1,"featured_media":0,"parent":2954,"menu_order":53,"comment_status":"closed","ping_status":"closed","template":"","meta":{"footnotes":""},"class_list":["post-2967","page","type-page","status-publish","hentry"],"_links":{"self":[{"href":"https:\/\/www.crowdpartners.nl\/de\/wp-json\/wp\/v2\/pages\/2967","targetHints":{"allow":["GET"]}}],"collection":[{"href":"https:\/\/www.crowdpartners.nl\/de\/wp-json\/wp\/v2\/pages"}],"about":[{"href":"https:\/\/www.crowdpartners.nl\/de\/wp-json\/wp\/v2\/types\/page"}],"author":[{"embeddable":true,"href":"https:\/\/www.crowdpartners.nl\/de\/wp-json\/wp\/v2\/users\/1"}],"replies":[{"embeddable":true,"href":"https:\/\/www.crowdpartners.nl\/de\/wp-json\/wp\/v2\/comments?post=2967"}],"version-history":[{"count":2,"href":"https:\/\/www.crowdpartners.nl\/de\/wp-json\/wp\/v2\/pages\/2967\/revisions"}],"predecessor-version":[{"id":3123,"href":"https:\/\/www.crowdpartners.nl\/de\/wp-json\/wp\/v2\/pages\/2967\/revisions\/3123"}],"up":[{"embeddable":true,"href":"https:\/\/www.crowdpartners.nl\/de\/wp-json\/wp\/v2\/pages\/2954"}],"wp:attachment":[{"href":"https:\/\/www.crowdpartners.nl\/de\/wp-json\/wp\/v2\/media?parent=2967"}],"curies":[{"name":"wp","href":"https:\/\/api.w.org\/{rel}","templated":true}]}}