{"id":2961,"date":"2022-02-01T14:32:16","date_gmt":"2022-02-01T14:32:16","guid":{"rendered":"https:\/\/www.crowdpartners.nl\/immobiliendarlehen\/hypothekenberater\/"},"modified":"2022-06-17T10:04:13","modified_gmt":"2022-06-17T10:04:13","slug":"hypothekenberater","status":"publish","type":"page","link":"https:\/\/www.crowdpartners.nl\/de\/finanzieren\/immobiliendarlehen\/hypothekenberater\/","title":{"rendered":"Hypothekenberater"},"content":{"rendered":"\t\t<div data-elementor-type=\"wp-page\" data-elementor-id=\"2961\" class=\"elementor elementor-2961 elementor-140\" data-elementor-post-type=\"page\">\n\t\t\t\t\t\t<section class=\"elementor-section elementor-top-section elementor-element elementor-element-97cd49c elementor-section-boxed elementor-section-height-default elementor-section-height-default\" data-id=\"97cd49c\" data-element_type=\"section\">\n\t\t\t\t\t\t<div class=\"elementor-container elementor-column-gap-default\">\n\t\t\t\t\t<div class=\"elementor-column elementor-col-100 elementor-top-column elementor-element elementor-element-723f0fc\" data-id=\"723f0fc\" data-element_type=\"column\">\n\t\t\t<div class=\"elementor-widget-wrap elementor-element-populated\">\n\t\t\t\t\t\t<div class=\"elementor-element elementor-element-f183fc4 elementor-widget elementor-widget-image\" data-id=\"f183fc4\" data-element_type=\"widget\" data-widget_type=\"image.default\">\n\t\t\t\t<div class=\"elementor-widget-container\">\n\t\t\t\t\t\t\t\t\t\t\t\t\t\t\t<img fetchpriority=\"high\" decoding=\"async\" width=\"1000\" height=\"268\" src=\"https:\/\/www.crowdpartners.nl\/wp-content\/uploads\/2022\/02\/beeld-crowdpartners.png\" class=\"attachment-large size-large wp-image-61\" alt=\"\" srcset=\"https:\/\/www.crowdpartners.nl\/wp-content\/uploads\/2022\/02\/beeld-crowdpartners.png 1000w, https:\/\/www.crowdpartners.nl\/wp-content\/uploads\/2022\/02\/beeld-crowdpartners-768x206.png 768w\" sizes=\"(max-width: 1000px) 100vw, 1000px\" \/>\t\t\t\t\t\t\t\t\t\t\t\t\t\t\t<\/div>\n\t\t\t\t<\/div>\n\t\t\t\t<div class=\"elementor-element elementor-element-24c1fb8 elementor-widget elementor-widget-text-editor\" data-id=\"24c1fb8\" data-element_type=\"widget\" data-widget_type=\"text-editor.default\">\n\t\t\t\t<div class=\"elementor-widget-container\">\n\t\t\t\t\t\t\t\t\t<h2>Hypothekenberater<\/h2><p>Bei Antr\u00e4gen von Privatpersonen auf Finanzierung von Mietobjekten in den Niederlanden arbeiten wir mit von der AFM anerkannten Hypothekenberatern zusammen.<\/p><p>Hypothekenberater beraten und stellen den Antrag auf Vermittlung bei uns. Entsprechende Fragen oder W\u00fcnsche von Privatpersonen leiten wir daher an einen Hypothekenberater weiter. Wir m\u00f6chten mit Hypothekenberatern in Kontakt treten, die mit uns zusammenarbeiten m\u00f6chten.<\/p><p>\u00a0<\/p><p><a href=\"https:\/\/www.crowdpartners.nl\/de\/contact\/\">Wir m\u00f6chten mit Hypothekenberatern in Kontakt treten, die mit uns zusammenarbeiten m\u00f6chten.<\/a><\/p><p>\u00a0<\/p>\t\t\t\t\t\t\t\t<\/div>\n\t\t\t\t<\/div>\n\t\t\t\t\t<\/div>\n\t\t<\/div>\n\t\t\t\t\t<\/div>\n\t\t<\/section>\n\t\t\t\t<\/div>\n\t\t","protected":false},"excerpt":{"rendered":"<p>Hypothekenberater Bei Antr\u00e4gen von Privatpersonen auf Finanzierung von Mietobjekten in den Niederlanden arbeiten wir mit von der AFM anerkannten Hypothekenberatern zusammen. Hypothekenberater beraten und stellen den Antrag auf Vermittlung bei uns. Entsprechende Fragen oder W\u00fcnsche von Privatpersonen leiten wir daher an einen Hypothekenberater weiter. Wir m\u00f6chten mit Hypothekenberatern in Kontakt treten, die mit uns zusammenarbeiten [&hellip;]<\/p>\n","protected":false},"author":1,"featured_media":0,"parent":2955,"menu_order":43,"comment_status":"closed","ping_status":"closed","template":"","meta":{"footnotes":""},"class_list":["post-2961","page","type-page","status-publish","hentry"],"_links":{"self":[{"href":"https:\/\/www.crowdpartners.nl\/de\/wp-json\/wp\/v2\/pages\/2961","targetHints":{"allow":["GET"]}}],"collection":[{"href":"https:\/\/www.crowdpartners.nl\/de\/wp-json\/wp\/v2\/pages"}],"about":[{"href":"https:\/\/www.crowdpartners.nl\/de\/wp-json\/wp\/v2\/types\/page"}],"author":[{"embeddable":true,"href":"https:\/\/www.crowdpartners.nl\/de\/wp-json\/wp\/v2\/users\/1"}],"replies":[{"embeddable":true,"href":"https:\/\/www.crowdpartners.nl\/de\/wp-json\/wp\/v2\/comments?post=2961"}],"version-history":[{"count":5,"href":"https:\/\/www.crowdpartners.nl\/de\/wp-json\/wp\/v2\/pages\/2961\/revisions"}],"predecessor-version":[{"id":3188,"href":"https:\/\/www.crowdpartners.nl\/de\/wp-json\/wp\/v2\/pages\/2961\/revisions\/3188"}],"up":[{"embeddable":true,"href":"https:\/\/www.crowdpartners.nl\/de\/wp-json\/wp\/v2\/pages\/2955"}],"wp:attachment":[{"href":"https:\/\/www.crowdpartners.nl\/de\/wp-json\/wp\/v2\/media?parent=2961"}],"curies":[{"name":"wp","href":"https:\/\/api.w.org\/{rel}","templated":true}]}}