{"id":2947,"date":"2022-02-07T15:52:28","date_gmt":"2022-02-07T15:52:28","guid":{"rendered":"https:\/\/www.crowdpartners.nl\/ueber-uns\/haftungsausschluss\/"},"modified":"2022-06-13T12:28:57","modified_gmt":"2022-06-13T12:28:57","slug":"haftungsausschluss","status":"publish","type":"page","link":"https:\/\/www.crowdpartners.nl\/de\/ueber-uns\/haftungsausschluss\/","title":{"rendered":"Haftungsausschluss"},"content":{"rendered":"\t\t<div data-elementor-type=\"wp-page\" data-elementor-id=\"2947\" class=\"elementor elementor-2947 elementor-271\" data-elementor-post-type=\"page\">\n\t\t\t\t\t\t<section class=\"elementor-section elementor-top-section elementor-element elementor-element-6281be0 elementor-section-boxed elementor-section-height-default elementor-section-height-default\" data-id=\"6281be0\" data-element_type=\"section\">\n\t\t\t\t\t\t<div class=\"elementor-container elementor-column-gap-default\">\n\t\t\t\t\t<div class=\"elementor-column elementor-col-100 elementor-top-column elementor-element elementor-element-39c9248\" data-id=\"39c9248\" data-element_type=\"column\">\n\t\t\t<div class=\"elementor-widget-wrap elementor-element-populated\">\n\t\t\t\t\t\t<div class=\"elementor-element elementor-element-e922062 elementor-widget elementor-widget-image\" data-id=\"e922062\" data-element_type=\"widget\" data-widget_type=\"image.default\">\n\t\t\t\t<div class=\"elementor-widget-container\">\n\t\t\t\t\t\t\t\t\t\t\t\t\t\t\t<img fetchpriority=\"high\" decoding=\"async\" width=\"1000\" height=\"268\" src=\"https:\/\/www.crowdpartners.nl\/wp-content\/uploads\/2022\/02\/beeld-crowdpartners.png\" class=\"attachment-large size-large wp-image-61\" alt=\"\" srcset=\"https:\/\/www.crowdpartners.nl\/wp-content\/uploads\/2022\/02\/beeld-crowdpartners.png 1000w, https:\/\/www.crowdpartners.nl\/wp-content\/uploads\/2022\/02\/beeld-crowdpartners-768x206.png 768w\" sizes=\"(max-width: 1000px) 100vw, 1000px\" \/>\t\t\t\t\t\t\t\t\t\t\t\t\t\t\t<\/div>\n\t\t\t\t<\/div>\n\t\t\t\t<div class=\"elementor-element elementor-element-9537359 elementor-widget elementor-widget-text-editor\" data-id=\"9537359\" data-element_type=\"widget\" data-widget_type=\"text-editor.default\">\n\t\t\t\t<div class=\"elementor-widget-container\">\n\t\t\t\t\t\t\t\t\t<h1>Disclaimer<\/h1><h2>Investitionsrisiken<\/h2><p>Crowdpartners BV ist der Verwalter dieser Website. Crowdpartners ist die Plattform f\u00fcr Kapital, auf der Investoren und Kreditantragsteller zusammentreffen. Crowdpartners erteilt Investoren keine Empfehlungen \u00fcber die Investitionsm\u00f6glichkeiten auf ihrer Website. <\/p><p>Ein Investor trifft selbst\u00e4ndig die Entscheidung, sich f\u00fcr eine bestimmte Anlage zu entscheiden. Damit ist er sich dar\u00fcber bewusst, dass er eine Investition mit einem hohen Risiko t\u00e4tigt und die Gefahr besteht, dass diese Investition keine Rendite liefert und\/oder die gesamte Einlage verloren geht.<\/p><p>\u00a0<\/p><h2>Website\/platform<\/h2><p>Obwohl Crowdpartners im Hinblick auf die Zuverl\u00e4ssigkeit und Aktualit\u00e4t auf ihrer Website\/Plattform die gr\u00f6\u00dftm\u00f6gliche Sorgfalt anwendet, k\u00f6nnen Fehler oder Unvollst\u00e4ndigkeiten nicht immer verhindert werden. Crowdpartners haftet daher nicht f\u00fcr Sch\u00e4den aufgrund von Unrichtigkeiten oder Unvollst\u00e4ndigkeiten in den angebotenen Informationen. Genauso wenig kann Crowdpartners f\u00fcr Sch\u00e4den aufgrund von Problemen verantwortlich gemacht werden, u. a. f\u00fcr Sch\u00e4den, die durch die Einschaltung Dritter verursacht wurden, und die mit der Verbreitung von Informationen \u00fcber Internet einhergehen, wie St\u00f6rungen, Unterbrechungen oder Verz\u00f6gerungen bei der Weiterleitung von Informationen.<\/p><p>\u00a0<\/p><h2>Nutzung von Informationen<\/h2><p>Mit Ausnahme der Projekte beh\u00e4lt sich Crowdpartners BV alle geistigen Eigentumsrechte und andere Rechte in Bezug auf die auf der Websit angebotenen Informationen vor (darunter alle Texte, graphisches Material und Logos). Auf dem Inhalt der Projekte ruhen geistige Eigentumsrechte von Kreditantragstellern und\/oder deren Partner.<\/p><p>Es ist nicht gestattet, Informationen auf dieser Website zu kopieren, herunterzuladen oder auf andere Weise zu ver\u00f6ffentlichen, zu verbreiten oder zu vervielf\u00e4ltigen, ohne vorhergehende schriftliche Zustimmung von Crowdpartners BV oder der rechtm\u00e4\u00dfigen Zustimmung des Berechtigten. Sie d\u00fcrfen Informationen auf dieser Website jedoch f\u00fcr Ihren eigenen pers\u00f6nlichen Gebrauch ausdrucken und\/oder herunterladen.<\/p><p>\u00a0<\/p><h2>Informationen von Dritten, Produkten und Dienstleistungen<\/h2><p>Wenn Crowdpartners BV Links auf Websites von Dritten anbietet, bedeutet das nicht, dass die auf oder \u00fcber diese Websites angebotenen Produkte oder Dienstleistungen durch Crowdpartners BV empfohlen werden. Crowdpartners BV \u00fcbernimmt keine Haftung und keine Verantwortung f\u00fcr den Inhalt, die Nutzung oder Verf\u00fcgbarkeit der Websites, auf die verwiesen wird oder die auf diese Website verweisen. Die Nutzung solcher Links geht auf eigenes Risiko. Die Informationen auf solchen Websites wurden durch Crowdpartners BV nicht n\u00e4her auf Richtigkeit, Angemessenheit, Aktualit\u00e4t oder Vollst\u00e4ndigkeit gepr\u00fcft.<\/p><p>\u00a0<\/p>\t\t\t\t\t\t\t\t<\/div>\n\t\t\t\t<\/div>\n\t\t\t\t\t<\/div>\n\t\t<\/div>\n\t\t\t\t\t<\/div>\n\t\t<\/section>\n\t\t\t\t<\/div>\n\t\t","protected":false},"excerpt":{"rendered":"<p>Disclaimer Investitionsrisiken Crowdpartners BV ist der Verwalter dieser Website. Crowdpartners ist die Plattform f\u00fcr Kapital, auf der Investoren und Kreditantragsteller zusammentreffen. Crowdpartners erteilt Investoren keine Empfehlungen \u00fcber die Investitionsm\u00f6glichkeiten auf ihrer Website. Ein Investor trifft selbst\u00e4ndig die Entscheidung, sich f\u00fcr eine bestimmte Anlage zu entscheiden. Damit ist er sich dar\u00fcber bewusst, dass er eine Investition [&hellip;]<\/p>\n","protected":false},"author":1,"featured_media":0,"parent":912,"menu_order":18,"comment_status":"closed","ping_status":"closed","template":"","meta":{"footnotes":""},"class_list":["post-2947","page","type-page","status-publish","hentry"],"_links":{"self":[{"href":"https:\/\/www.crowdpartners.nl\/de\/wp-json\/wp\/v2\/pages\/2947","targetHints":{"allow":["GET"]}}],"collection":[{"href":"https:\/\/www.crowdpartners.nl\/de\/wp-json\/wp\/v2\/pages"}],"about":[{"href":"https:\/\/www.crowdpartners.nl\/de\/wp-json\/wp\/v2\/types\/page"}],"author":[{"embeddable":true,"href":"https:\/\/www.crowdpartners.nl\/de\/wp-json\/wp\/v2\/users\/1"}],"replies":[{"embeddable":true,"href":"https:\/\/www.crowdpartners.nl\/de\/wp-json\/wp\/v2\/comments?post=2947"}],"version-history":[{"count":2,"href":"https:\/\/www.crowdpartners.nl\/de\/wp-json\/wp\/v2\/pages\/2947\/revisions"}],"predecessor-version":[{"id":3073,"href":"https:\/\/www.crowdpartners.nl\/de\/wp-json\/wp\/v2\/pages\/2947\/revisions\/3073"}],"up":[{"embeddable":true,"href":"https:\/\/www.crowdpartners.nl\/de\/wp-json\/wp\/v2\/pages\/912"}],"wp:attachment":[{"href":"https:\/\/www.crowdpartners.nl\/de\/wp-json\/wp\/v2\/media?parent=2947"}],"curies":[{"name":"wp","href":"https:\/\/api.w.org\/{rel}","templated":true}]}}