{"id":2933,"date":"2022-02-07T15:51:50","date_gmt":"2022-02-07T15:51:50","guid":{"rendered":"https:\/\/www.crowdpartners.nl\/ueber-uns\/niederlaendische-finanzaufsicht-afm\/"},"modified":"2022-06-13T12:30:57","modified_gmt":"2022-06-13T12:30:57","slug":"niederlaendische-finanzaufsicht-afm","status":"publish","type":"page","link":"https:\/\/www.crowdpartners.nl\/de\/ueber-uns\/niederlaendische-finanzaufsicht-afm\/","title":{"rendered":"Niederl\u00e4ndische Finanzaufsicht (AFM)"},"content":{"rendered":"\t\t<div data-elementor-type=\"wp-page\" data-elementor-id=\"2933\" class=\"elementor elementor-2933 elementor-267\" data-elementor-post-type=\"page\">\n\t\t\t\t\t\t<section class=\"elementor-section elementor-top-section elementor-element elementor-element-292d668 elementor-section-boxed elementor-section-height-default elementor-section-height-default\" data-id=\"292d668\" data-element_type=\"section\">\n\t\t\t\t\t\t<div class=\"elementor-container elementor-column-gap-default\">\n\t\t\t\t\t<div class=\"elementor-column elementor-col-100 elementor-top-column elementor-element elementor-element-cdb5524\" data-id=\"cdb5524\" data-element_type=\"column\">\n\t\t\t<div class=\"elementor-widget-wrap elementor-element-populated\">\n\t\t\t\t\t\t<div class=\"elementor-element elementor-element-3443ec1 elementor-widget elementor-widget-image\" data-id=\"3443ec1\" data-element_type=\"widget\" data-widget_type=\"image.default\">\n\t\t\t\t<div class=\"elementor-widget-container\">\n\t\t\t\t\t\t\t\t\t\t\t\t\t\t\t<img fetchpriority=\"high\" decoding=\"async\" width=\"1000\" height=\"268\" src=\"https:\/\/www.crowdpartners.nl\/wp-content\/uploads\/2022\/02\/beeld-crowdpartners.png\" class=\"attachment-large size-large wp-image-61\" alt=\"\" srcset=\"https:\/\/www.crowdpartners.nl\/wp-content\/uploads\/2022\/02\/beeld-crowdpartners.png 1000w, https:\/\/www.crowdpartners.nl\/wp-content\/uploads\/2022\/02\/beeld-crowdpartners-768x206.png 768w\" sizes=\"(max-width: 1000px) 100vw, 1000px\" \/>\t\t\t\t\t\t\t\t\t\t\t\t\t\t\t<\/div>\n\t\t\t\t<\/div>\n\t\t\t\t<div class=\"elementor-element elementor-element-13e4cbe elementor-widget elementor-widget-text-editor\" data-id=\"13e4cbe\" data-element_type=\"widget\" data-widget_type=\"text-editor.default\">\n\t\t\t\t<div class=\"elementor-widget-container\">\n\t\t\t\t\t\t\t\t\t<h2><strong>Befreiung f\u00fcr Vermittler einforderbarer Gelder<\/strong><\/h2><p>Crowdpartners B.V. hat von der AFM eine Befreiung f\u00fcr die Vermittlung von einforderbaren Geldern erhalten und ist registriert unter 1900001.\r\n<\/p><p>In dieser Hinsicht darf Crowdpartners in Bezug auf Kreditvereinbarungen von Unternehmen vermitteln. Antragsteller f\u00fcr KMU-Kredite k\u00f6nnen daher niemals Privatpersonen sein<\/p><p>\u00a0<\/p><h2><strong>Konzession als Finanzdienstleister<\/strong><\/h2><p>Crowdpartners hat von der AFM eine Konzession als Finanzdienstleister f\u00fcr die Vermittlung in Bezug auf Hypothekenkredite erhalten und ist unter der Nummer 12043506 registriert.<\/p><p>Die Stiftung Crowdpartners Leningmanager hat von der AFM eine Konzession als Finanzdienstleister f\u00fcr das Anbieten von Hypothekenkrediten erhalten und ist unter der Nummer 12043318 registriert.<\/p><p>Crowdpartners kann \u00fcber die Plattform sowohl private als auch gewerbliche Kreditanfrager f\u00fcr Hypothekenkredite bedienen.<\/p><p>Da die AFM die Entwicklungen im Crowdfundingsektor gut \u00fcberwachen m\u00f6chte, berichtet Crowdpartners der AFM zweimal j\u00e4hrlich unter anderem \u00fcber den Umfang der von ihr vermittelten Darlehen. <\/p><p>Die AFM h\u00e4lt durchg\u00e4ngig Aufsicht \u00fcber Finanzdienstleister wie Crowdpartners und deren Handlungsweise.<\/p>\t\t\t\t\t\t\t\t<\/div>\n\t\t\t\t<\/div>\n\t\t\t\t\t<\/div>\n\t\t<\/div>\n\t\t\t\t\t<\/div>\n\t\t<\/section>\n\t\t\t\t<\/div>\n\t\t","protected":false},"excerpt":{"rendered":"<p>Befreiung f\u00fcr Vermittler einforderbarer Gelder Crowdpartners B.V. hat von der AFM eine Befreiung f\u00fcr die Vermittlung von einforderbaren Geldern erhalten und ist registriert unter 1900001. In dieser Hinsicht darf Crowdpartners in Bezug auf Kreditvereinbarungen von Unternehmen vermitteln. Antragsteller f\u00fcr KMU-Kredite k\u00f6nnen daher niemals Privatpersonen sein \u00a0 Konzession als Finanzdienstleister Crowdpartners hat von der AFM eine [&hellip;]<\/p>\n","protected":false},"author":1,"featured_media":0,"parent":912,"menu_order":75,"comment_status":"closed","ping_status":"closed","template":"","meta":{"footnotes":""},"class_list":["post-2933","page","type-page","status-publish","hentry"],"_links":{"self":[{"href":"https:\/\/www.crowdpartners.nl\/de\/wp-json\/wp\/v2\/pages\/2933","targetHints":{"allow":["GET"]}}],"collection":[{"href":"https:\/\/www.crowdpartners.nl\/de\/wp-json\/wp\/v2\/pages"}],"about":[{"href":"https:\/\/www.crowdpartners.nl\/de\/wp-json\/wp\/v2\/types\/page"}],"author":[{"embeddable":true,"href":"https:\/\/www.crowdpartners.nl\/de\/wp-json\/wp\/v2\/users\/1"}],"replies":[{"embeddable":true,"href":"https:\/\/www.crowdpartners.nl\/de\/wp-json\/wp\/v2\/comments?post=2933"}],"version-history":[{"count":4,"href":"https:\/\/www.crowdpartners.nl\/de\/wp-json\/wp\/v2\/pages\/2933\/revisions"}],"predecessor-version":[{"id":3083,"href":"https:\/\/www.crowdpartners.nl\/de\/wp-json\/wp\/v2\/pages\/2933\/revisions\/3083"}],"up":[{"embeddable":true,"href":"https:\/\/www.crowdpartners.nl\/de\/wp-json\/wp\/v2\/pages\/912"}],"wp:attachment":[{"href":"https:\/\/www.crowdpartners.nl\/de\/wp-json\/wp\/v2\/media?parent=2933"}],"curies":[{"name":"wp","href":"https:\/\/api.w.org\/{rel}","templated":true}]}}