{"id":2929,"date":"2022-02-07T15:51:32","date_gmt":"2022-02-07T15:51:32","guid":{"rendered":"https:\/\/www.crowdpartners.nl\/ueber-uns\/beschwerdeverfahren\/"},"modified":"2022-06-21T13:38:15","modified_gmt":"2022-06-21T13:38:15","slug":"beschwerdeverfahren","status":"publish","type":"page","link":"https:\/\/www.crowdpartners.nl\/de\/ueber-uns\/beschwerdeverfahren\/","title":{"rendered":"Beschwerdeverfahren"},"content":{"rendered":"\t\t<div data-elementor-type=\"wp-page\" data-elementor-id=\"2929\" class=\"elementor elementor-2929 elementor-265\" data-elementor-post-type=\"page\">\n\t\t\t\t\t\t<section class=\"elementor-section elementor-top-section elementor-element elementor-element-0e65ffc elementor-section-boxed elementor-section-height-default elementor-section-height-default\" data-id=\"0e65ffc\" data-element_type=\"section\">\n\t\t\t\t\t\t<div class=\"elementor-container elementor-column-gap-default\">\n\t\t\t\t\t<div class=\"elementor-column elementor-col-100 elementor-top-column elementor-element elementor-element-8f08ed1\" data-id=\"8f08ed1\" data-element_type=\"column\">\n\t\t\t<div class=\"elementor-widget-wrap elementor-element-populated\">\n\t\t\t\t\t\t<div class=\"elementor-element elementor-element-b2026a1 elementor-widget elementor-widget-image\" data-id=\"b2026a1\" data-element_type=\"widget\" data-widget_type=\"image.default\">\n\t\t\t\t<div class=\"elementor-widget-container\">\n\t\t\t\t\t\t\t\t\t\t\t\t\t\t\t<img fetchpriority=\"high\" decoding=\"async\" width=\"1000\" height=\"268\" src=\"https:\/\/www.crowdpartners.nl\/wp-content\/uploads\/2022\/02\/beeld-crowdpartners.png\" class=\"attachment-large size-large wp-image-61\" alt=\"\" srcset=\"https:\/\/www.crowdpartners.nl\/wp-content\/uploads\/2022\/02\/beeld-crowdpartners.png 1000w, https:\/\/www.crowdpartners.nl\/wp-content\/uploads\/2022\/02\/beeld-crowdpartners-768x206.png 768w\" sizes=\"(max-width: 1000px) 100vw, 1000px\" \/>\t\t\t\t\t\t\t\t\t\t\t\t\t\t\t<\/div>\n\t\t\t\t<\/div>\n\t\t\t\t<div class=\"elementor-element elementor-element-9def723 elementor-widget elementor-widget-text-editor\" data-id=\"9def723\" data-element_type=\"widget\" data-widget_type=\"text-editor.default\">\n\t\t\t\t<div class=\"elementor-widget-container\">\n\t\t\t\t\t\t\t\t\t<h1><strong>Beschwerdeverfahren\/strong><\/h1><p>Crowdpartners bem\u00fcht sich nach Kr\u00e4ften, Ihre Beschwerde zur Zufriedenheit zu behandeln. Sie k\u00f6nnen bei der Gesch\u00e4ftsf\u00fchrung von Crowdpartners eine Beschwerde einreichen. <\/p><h2>Beschreibung Ihrer Beschwerde<\/h2><p>Geben Sie in einem Brief oder einer E-Mail deutlich Ihre Beschwerde an, und warum Sie mit der L\u00f6sung nicht zufrieden sind. Geben Sie immer Ihre pers\u00f6nlichen Daten und Ihre Kontonummer an. Ihren Brief k\u00f6nnen Sie senden an:<\/p><p><strong>Crowdpartners B.V.<\/strong><br \/>T.a.v. Crowdpartners management team<br \/>Olympisch Stadion 24<br \/>1076 DE Amsterdam<\/p><p>Oder per E-Mail an: <a href=\"https:\/\/www.crowdpartners.nl\/de\/contact\/\">info@crowdpartners.nl<\/a><\/p><h2>Antwort innerhalb von 6 Wochen<\/h2><p>Die Gesch\u00e4ftsf\u00fchrung von Crowdpartners strebt danach, m\u00f6glichst schnell schriftlich zu reagieren. Sie erhalten sp\u00e4testens innerhalb von 6 Wochen eine Reaktion.<\/p><p><h2>Nicht mit der Antwort der Gesch\u00e4ftsf\u00fchrung einverstanden<\/h2><\/p><p>Wenn Sie mit der Antwort der Gesch\u00e4ftsf\u00fchrung von Crowdpartners nicht einverstanden sind, k\u00f6nnen Sie sich als Konsument je nach Art der Beschwerde m\u00f6glicherweise auch an Kifid oder BKR wenden.<\/p><h2>Kifid<\/h2><p>An Kifid k\u00f6nnen Sie sich wenden mit einer Beschwerde \u00fcber ein Finanzprodukt oder eine finanzielle Dienstleistung. In bestimmten F\u00e4llen k\u00f6nnen Sie sich darum wenden an <a href=\"http:\/\/www.kifid.nl\/\">Klachteninstituut Financi\u00eble Dienstverlening<\/a>. Ihre Beschwerde muss innerhalb von 3 Monaten nach einem Abweisungsschreiben eingereicht werden. Crowdpartners ist bei Kifid angeschlossen. <\/p><h2>Beschwerde einreichen \u00fcber BKR-Registrierung<\/h2><p>Wenn Ihre Beschwerde auf einer Registrierung beim B\u00fcro f\u00fcr Kreditregistrierung (BKR) beruht, und Sie nicht mit der Reaktion der Gesch\u00e4ftsf\u00fchrung von Crowdpartners einverstanden sind, k\u00f6nnen Sie sich mit Ihrer Beschwerde auch an den Schlichtungsausschuss des BKR wenden. Dies ist jedoch erst m\u00f6glich, wenn das Beschwerdeverfahren bei Crowdpartners abgeschlossen ist.<\/p><h2>Schlichtungsausschuss BKR<\/h2><p>Nach Abschluss des Beschwerdeverfahrens bei Crowdpartners m\u00fcssen Sie Ihre Beschwerde innerhalb von 2 Monaten beim Schlichtungsausschuss BKR vorlegen. Nach dieser Frist nimmt der Ausschuss Ihre Beschwerde nicht mehr in Behandlung. Es ist ratsam, vorab Kontakt mit dem BKR aufzunehmen, um sich zu informieren, was Sie tun m\u00fcssen, um eine Beschwerde einzureichen. Weitere Informationen finden Sie auf www.bkr.nl oder Sie k\u00f6nnen sich wenden an: <\/p><p>Bureau Krediet Registratie<br \/>Afdeling Inlichtingen &amp; Inzage<br \/>Postbus 6080<br \/>4000 HB Tiel<br \/>Telefoon: 0900 257 84 35 (0900 BKRTIEL)<\/p><h2>Bindendes Urteil<\/h2><p>Das Urteil des Schlichtungsausschusses BKR ist f\u00fcr Sie und auch f\u00fcr Crowdpartners bindend. Der Schlichtungsausschuss stellt vor der Behandlung eines Konflikts Kosten in Rechnung. Weitere Informationen erhalten Sie \u00fcber den Schlichtungsausschuss BKR.<br \/><strong>\u00a0<\/strong><\/p>\t\t\t\t\t\t\t\t<\/div>\n\t\t\t\t<\/div>\n\t\t\t\t\t<\/div>\n\t\t<\/div>\n\t\t\t\t\t<\/div>\n\t\t<\/section>\n\t\t\t\t<\/div>\n\t\t","protected":false},"excerpt":{"rendered":"<p>Beschwerdeverfahren\/strong> Crowdpartners bem\u00fcht sich nach Kr\u00e4ften, Ihre Beschwerde zur Zufriedenheit zu behandeln. Sie k\u00f6nnen bei der Gesch\u00e4ftsf\u00fchrung von Crowdpartners eine Beschwerde einreichen. Beschreibung Ihrer Beschwerde Geben Sie in einem Brief oder einer E-Mail deutlich Ihre Beschwerde an, und warum Sie mit der L\u00f6sung nicht zufrieden sind. Geben Sie immer Ihre pers\u00f6nlichen Daten und Ihre Kontonummer [&hellip;]<\/p>\n","protected":false},"author":1,"featured_media":0,"parent":912,"menu_order":85,"comment_status":"closed","ping_status":"closed","template":"","meta":{"footnotes":""},"class_list":["post-2929","page","type-page","status-publish","hentry"],"_links":{"self":[{"href":"https:\/\/www.crowdpartners.nl\/de\/wp-json\/wp\/v2\/pages\/2929","targetHints":{"allow":["GET"]}}],"collection":[{"href":"https:\/\/www.crowdpartners.nl\/de\/wp-json\/wp\/v2\/pages"}],"about":[{"href":"https:\/\/www.crowdpartners.nl\/de\/wp-json\/wp\/v2\/types\/page"}],"author":[{"embeddable":true,"href":"https:\/\/www.crowdpartners.nl\/de\/wp-json\/wp\/v2\/users\/1"}],"replies":[{"embeddable":true,"href":"https:\/\/www.crowdpartners.nl\/de\/wp-json\/wp\/v2\/comments?post=2929"}],"version-history":[{"count":5,"href":"https:\/\/www.crowdpartners.nl\/de\/wp-json\/wp\/v2\/pages\/2929\/revisions"}],"predecessor-version":[{"id":3308,"href":"https:\/\/www.crowdpartners.nl\/de\/wp-json\/wp\/v2\/pages\/2929\/revisions\/3308"}],"up":[{"embeddable":true,"href":"https:\/\/www.crowdpartners.nl\/de\/wp-json\/wp\/v2\/pages\/912"}],"wp:attachment":[{"href":"https:\/\/www.crowdpartners.nl\/de\/wp-json\/wp\/v2\/media?parent=2929"}],"curies":[{"name":"wp","href":"https:\/\/api.w.org\/{rel}","templated":true}]}}